{"id":29,"date":"2020-04-11T13:12:28","date_gmt":"2020-04-11T11:12:28","guid":{"rendered":"https:\/\/korocharter.com\/hr\/?page_id=29"},"modified":"2021-02-27T12:32:50","modified_gmt":"2021-02-27T11:32:50","slug":"info","status":"publish","type":"page","link":"https:\/\/korocharter.com\/hr\/info\/","title":{"rendered":"Info"},"content":{"rendered":"<p>[et_pb_section fb_built=&#8221;1&#8243; fullwidth=&#8221;on&#8221; _builder_version=&#8221;4.4.3&#8243;][et_pb_fullwidth_image title_text=&#8221;DJI_0487&#8243; _builder_version=&#8221;4.6.6&#8243; background_color=&#8221;#b2b2b2&#8243; background_image=&#8221;https:\/\/korocharter.com\/hr\/wp-content\/uploads\/sites\/9\/2020\/11\/DJI_0487-scaled.jpg&#8221; width=&#8221;100%&#8221; min_height=&#8221;100px&#8221; height=&#8221;100px&#8221;][\/et_pb_fullwidth_image][\/et_pb_section][et_pb_section fb_built=&#8221;1&#8243; _builder_version=&#8221;4.8.1&#8243; custom_padding=&#8221;0px|||||&#8221; animation_direction=&#8221;top&#8221;][et_pb_row _builder_version=&#8221;4.4.3&#8243; background_color=&#8221;rgba(0,0,0,0)&#8221; background_enable_image=&#8221;off&#8221; height=&#8221;354px&#8221; max_height=&#8221;135px&#8221; custom_margin=&#8221;0px||||false|false&#8221; custom_padding=&#8221;0px||||false|false&#8221;][et_pb_column type=&#8221;4_4&#8243; _builder_version=&#8221;4.4.3&#8243;][et_pb_text _builder_version=&#8221;4.8.1&#8243; min_height=&#8221;101px&#8221; custom_margin=&#8221;32px|||||&#8221;]<\/p>\n<div class=\"title\">\n<h2 style=\"text-align: center;\">Info<\/h2>\n<\/div>\n<p style=\"text-align: center;\">Buchen Sie rechtzeitig Ihren Favorit. Sie k\u00f6nnen uns nat\u00fcrlich immer per E- Mail oder Telefon erreichen. Ihre Buchung k\u00f6nnen Sie mit Hilfe folgenden Kontaktformulars machen. Wir stehen Ihnen zur Verf\u00fcgung f\u00fcr alle Informationen \u00fcber Buchung, Motorboote, Unterkunft, Zahlung und andere Details!<\/p>\n<p>[\/et_pb_text][\/et_pb_column][\/et_pb_row][et_pb_row column_structure=&#8221;1_4,1_4,1_4,1_4&#8243; _builder_version=&#8221;4.8.1&#8243; _module_preset=&#8221;default&#8221; max_height=&#8221;1000px&#8221;][et_pb_column type=&#8221;1_4&#8243; _builder_version=&#8221;4.8.1&#8243; _module_preset=&#8221;default&#8221;][et_pb_slider _builder_version=&#8221;4.9.0&#8243; _module_preset=&#8221;default&#8221; header_font=&#8221;||||||||&#8221;][et_pb_slide heading=&#8221;Versicherung&#8221; button_text=&#8221;Mehr Info&#8221; button_link=&#8221;https:\/\/korocharter.com\/hr\/versicherung\/&#8221; image=&#8221;https:\/\/korocharter.com\/hr\/wp-content\/uploads\/sites\/9\/2021\/02\/jpg-info.jpg&#8221; _builder_version=&#8221;4.9.0&#8243; _module_preset=&#8221;default&#8221; header_level=&#8221;h2&#8243; header_font=&#8221;||||||||&#8221; text_orientation=&#8221;center&#8221; sticky_transition=&#8221;on&#8221;]<\/p>\n<p><span>Sie k\u00f6nnen eine zus\u00e4tzliche Versicherung abschlie\u00dfen&#8230;<\/span><\/p>\n<p>[\/et_pb_slide][\/et_pb_slider][\/et_pb_column][et_pb_column type=&#8221;1_4&#8243; _builder_version=&#8221;4.8.1&#8243; _module_preset=&#8221;default&#8221;][et_pb_slider _builder_version=&#8221;4.9.0&#8243; _module_preset=&#8221;default&#8221; header_font=&#8221;||||||||&#8221;][et_pb_slide heading=&#8221;Flughafen Rijeka&#8221; button_text=&#8221;Mehr Info&#8221; button_link=&#8221;https:\/\/korocharter.com\/hr\/flughafen-rijeka\/&#8221; image=&#8221;https:\/\/korocharter.com\/hr\/wp-content\/uploads\/sites\/9\/2021\/02\/Flughafen-Rijeka-info-korocharter-marina-punat.jpg&#8221; _builder_version=&#8221;4.9.0&#8243; _module_preset=&#8221;default&#8221; sticky_transition=&#8221;on&#8221;]<\/p>\n<p>Kommen Sie zu Bootsurlaub mit dem Flugzeug!<\/p>\n<p>[\/et_pb_slide][\/et_pb_slider][\/et_pb_column][et_pb_column type=&#8221;1_4&#8243; _builder_version=&#8221;4.8.1&#8243; _module_preset=&#8221;default&#8221;][et_pb_slider _builder_version=&#8221;4.9.0&#8243; _module_preset=&#8221;default&#8221; link_option_url_new_window=&#8221;on&#8221; hover_enabled=&#8221;0&#8243; sticky_enabled=&#8221;0&#8243;][et_pb_slide heading=&#8221;Wettervorhersage&#8221; button_text=&#8221;Mehr Info&#8221; button_link=&#8221;https:\/\/korocharter.com\/hr\/wettervorhersage\/&#8221; image=&#8221;https:\/\/korocharter.com\/hr\/wp-content\/uploads\/sites\/9\/2021\/02\/Untitledbb.jpg&#8221; _builder_version=&#8221;4.9.0&#8243; _module_preset=&#8221;default&#8221; hover_enabled=&#8221;0&#8243; sticky_transition=&#8221;on&#8221; title_text=&#8221;Untitledbb&#8221; sticky_enabled=&#8221;0&#8243;]<\/p>\n<p>Es ist sehr wichtig, die Wettervorhersage jeden Tag&#8230;<\/p>\n<p>[\/et_pb_slide][\/et_pb_slider][\/et_pb_column][et_pb_column type=&#8221;1_4&#8243; _builder_version=&#8221;4.8.1&#8243; _module_preset=&#8221;default&#8221;][et_pb_slider _builder_version=&#8221;4.9.0&#8243; _module_preset=&#8221;default&#8221;][et_pb_slide heading=&#8221;Unterkunft&#8221; button_text=&#8221;Mehr Info&#8221; button_link=&#8221;https:\/\/korocharter.com\/hr\/unterkunft\/&#8221; image=&#8221;https:\/\/korocharter.com\/hr\/wp-content\/uploads\/sites\/9\/2021\/02\/Unterkunft-korocharter.jpg&#8221; _builder_version=&#8221;4.9.0&#8243; _module_preset=&#8221;default&#8221; sticky_transition=&#8221;on&#8221;]<\/p>\n<p>M\u00f6chten Sie die Nacht in einer anderen Unterkunft&#8230;<\/p>\n<p>[\/et_pb_slide][\/et_pb_slider][\/et_pb_column][\/et_pb_row][et_pb_row column_structure=&#8221;1_4,1_4,1_4,1_4&#8243; _builder_version=&#8221;4.8.1&#8243; _module_preset=&#8221;default&#8221; max_height=&#8221;1000px&#8221;][et_pb_column type=&#8221;1_4&#8243; _builder_version=&#8221;4.8.1&#8243; _module_preset=&#8221;default&#8221;][et_pb_slider _builder_version=&#8221;4.9.0&#8243; _module_preset=&#8221;default&#8221; header_font=&#8221;||||||||&#8221;][et_pb_slide heading=&#8221;WiFi Internet&#8221; button_text=&#8221;Mehr Info&#8221; button_link=&#8221;https:\/\/korocharter.com\/hr\/wifi-internet\/&#8221; image=&#8221;https:\/\/korocharter.com\/hr\/wp-content\/uploads\/sites\/9\/2021\/02\/fgfgr.jpg&#8221; _builder_version=&#8221;4.9.0&#8243; _module_preset=&#8221;default&#8221; header_level=&#8221;h2&#8243; header_font=&#8221;||||||||&#8221; text_orientation=&#8221;center&#8221; sticky_transition=&#8221;on&#8221;]<\/p>\n<p><span>Kostenlos flat WiFi Internet auf dem Boot&#8230;<\/span><\/p>\n<p>[\/et_pb_slide][\/et_pb_slider][\/et_pb_column][et_pb_column type=&#8221;1_4&#8243; _builder_version=&#8221;4.8.1&#8243; _module_preset=&#8221;default&#8221;][et_pb_slider _builder_version=&#8221;4.9.0&#8243; _module_preset=&#8221;default&#8221; header_font=&#8221;||||||||&#8221; link_option_url=&#8221;https:\/\/korocharter.com\/hr\/versicherung\/&#8221;][et_pb_slide heading=&#8221;Schiffsausr\u00fcstung&#8221; button_text=&#8221;Mehr Info&#8221; button_link=&#8221;https:\/\/korocharter.com\/hr\/schiffsausrustung\/&#8221; image=&#8221;https:\/\/korocharter.com\/hr\/wp-content\/uploads\/sites\/9\/2021\/02\/jjkjjkj.jpg&#8221; _builder_version=&#8221;4.9.0&#8243; _module_preset=&#8221;default&#8221; sticky_transition=&#8221;on&#8221;]<\/p>\n<p>F\u00fcr unsere G\u00e4ste nur das Beste!<\/p>\n<p>[\/et_pb_slide][\/et_pb_slider][\/et_pb_column][et_pb_column type=&#8221;1_4&#8243; _builder_version=&#8221;4.8.1&#8243; _module_preset=&#8221;default&#8221;][et_pb_slider _builder_version=&#8221;4.9.0&#8243; _module_preset=&#8221;default&#8221;][et_pb_slide heading=&#8221;Bootsf\u00fchrerschein&#8221; button_text=&#8221;Mehr Info&#8221; button_link=&#8221;https:\/\/korocharter.com\/hr\/bootsfuhrerschein\/&#8221; image=&#8221;https:\/\/korocharter.com\/hr\/wp-content\/uploads\/sites\/9\/2021\/02\/badfaf.jpg&#8221; _builder_version=&#8221;4.9.0&#8243; _module_preset=&#8221;default&#8221; sticky_transition=&#8221;on&#8221;]<\/p>\n<p>Machen Sie in nur 3 Tagen eine kroatische&#8230;<\/p>\n<p>[\/et_pb_slide][\/et_pb_slider][\/et_pb_column][et_pb_column type=&#8221;1_4&#8243; _builder_version=&#8221;4.8.1&#8243; _module_preset=&#8221;default&#8221;][et_pb_slider _builder_version=&#8221;4.9.0&#8243; _module_preset=&#8221;default&#8221;][et_pb_slide heading=&#8221;\u00dcber Punat&#8221; button_text=&#8221;Mehr Info&#8221; button_link=&#8221;https:\/\/korocharter.com\/hr\/uber-punat\/&#8221; image=&#8221;https:\/\/korocharter.com\/hr\/wp-content\/uploads\/sites\/9\/2021\/02\/fdfefd.jpg&#8221; _builder_version=&#8221;4.9.0&#8243; _module_preset=&#8221;default&#8221; sticky_transition=&#8221;on&#8221;]<\/p>\n<p>Marina Punat, das Beste f\u00fcr einen nautischen Urlaub&#8230;<\/p>\n<p>[\/et_pb_slide][\/et_pb_slider][\/et_pb_column][\/et_pb_row][\/et_pb_section]<\/p>\n","protected":false},"excerpt":{"rendered":"<p>Info Buchen Sie rechtzeitig Ihren Favorit. Sie k\u00f6nnen uns nat\u00fcrlich immer per E- Mail oder Telefon erreichen. Ihre Buchung k\u00f6nnen Sie mit Hilfe folgenden Kontaktformulars machen. Wir stehen Ihnen zur Verf\u00fcgung f\u00fcr alle Informationen \u00fcber Buchung, Motorboote, Unterkunft, Zahlung und andere Details!Sie k\u00f6nnen eine zus\u00e4tzliche Versicherung abschlie\u00dfen&#8230;Kommen Sie zu Bootsurlaub mit dem Flugzeug!Es ist sehr [&hellip;]<\/p>\n","protected":false},"author":1,"featured_media":0,"parent":0,"menu_order":0,"comment_status":"closed","ping_status":"closed","template":"","meta":{"_et_pb_use_builder":"on","_et_pb_old_content":"","_et_gb_content_width":"","ngg_post_thumbnail":0,"footnotes":""},"class_list":["post-29","page","type-page","status-publish","hentry"],"_links":{"self":[{"href":"https:\/\/korocharter.com\/hr\/wp-json\/wp\/v2\/pages\/29","targetHints":{"allow":["GET"]}}],"collection":[{"href":"https:\/\/korocharter.com\/hr\/wp-json\/wp\/v2\/pages"}],"about":[{"href":"https:\/\/korocharter.com\/hr\/wp-json\/wp\/v2\/types\/page"}],"author":[{"embeddable":true,"href":"https:\/\/korocharter.com\/hr\/wp-json\/wp\/v2\/users\/1"}],"replies":[{"embeddable":true,"href":"https:\/\/korocharter.com\/hr\/wp-json\/wp\/v2\/comments?post=29"}],"version-history":[{"count":61,"href":"https:\/\/korocharter.com\/hr\/wp-json\/wp\/v2\/pages\/29\/revisions"}],"predecessor-version":[{"id":3042,"href":"https:\/\/korocharter.com\/hr\/wp-json\/wp\/v2\/pages\/29\/revisions\/3042"}],"wp:attachment":[{"href":"https:\/\/korocharter.com\/hr\/wp-json\/wp\/v2\/media?parent=29"}],"curies":[{"name":"wp","href":"https:\/\/api.w.org\/{rel}","templated":true}]}}