{"id":29,"date":"2020-04-11T13:12:28","date_gmt":"2020-04-11T11:12:28","guid":{"rendered":"https:\/\/korocharter.com\/it\/?page_id=29"},"modified":"2021-03-07T14:35:12","modified_gmt":"2021-03-07T13:35:12","slug":"info","status":"publish","type":"page","link":"https:\/\/korocharter.com\/it\/info\/","title":{"rendered":"Info"},"content":{"rendered":"<p>[et_pb_section fb_built=&#8221;1&#8243; fullwidth=&#8221;on&#8221; _builder_version=&#8221;4.4.3&#8243;][et_pb_fullwidth_image title_text=&#8221;DJI_0487&#8243; _builder_version=&#8221;4.6.6&#8243; background_color=&#8221;#b2b2b2&#8243; background_image=&#8221;https:\/\/korocharter.com\/it\/wp-content\/uploads\/sites\/8\/2020\/11\/DJI_0487-scaled.jpg&#8221; width=&#8221;100%&#8221; min_height=&#8221;100px&#8221; height=&#8221;100px&#8221;][\/et_pb_fullwidth_image][\/et_pb_section][et_pb_section fb_built=&#8221;1&#8243; _builder_version=&#8221;4.8.1&#8243; custom_padding=&#8221;0px||0px|||&#8221; animation_direction=&#8221;top&#8221;][et_pb_row _builder_version=&#8221;4.4.3&#8243; background_color=&#8221;rgba(0,0,0,0)&#8221; background_enable_image=&#8221;off&#8221; height=&#8221;354px&#8221; max_height=&#8221;135px&#8221; custom_margin=&#8221;0px||||false|false&#8221; custom_padding=&#8221;0px||||false|false&#8221;][et_pb_column type=&#8221;4_4&#8243; _builder_version=&#8221;4.4.3&#8243;][et_pb_text _builder_version=&#8221;4.8.1&#8243; min_height=&#8221;101px&#8221; custom_margin=&#8221;32px|||||&#8221;]<\/p>\n<div class=\"title\">\n<h2 style=\"text-align: center;\">Info<\/h2>\n<\/div>\n<p style=\"text-align: center;\">Buchen Sie rechtzeitig Ihren Favorit. Sie k\u00f6nnen uns nat\u00fcrlich immer per E- Mail oder Telefon erreichen. Ihre Buchung k\u00f6nnen Sie mit Hilfe folgenden Kontaktformulars machen. Wir stehen Ihnen zur Verf\u00fcgung f\u00fcr alle Informationen \u00fcber Buchung, Motorboote, Unterkunft, Zahlung und andere Details!<\/p>\n<p>[\/et_pb_text][\/et_pb_column][\/et_pb_row][et_pb_row column_structure=&#8221;1_4,1_4,1_4,1_4&#8243; _builder_version=&#8221;4.8.1&#8243; _module_preset=&#8221;default&#8221; max_height=&#8221;1000px&#8221;][et_pb_column type=&#8221;1_4&#8243; _builder_version=&#8221;4.8.1&#8243; _module_preset=&#8221;default&#8221;][et_pb_slider _builder_version=&#8221;4.9.1&#8243; _module_preset=&#8221;default&#8221; header_font=&#8221;||||||||&#8221; hover_enabled=&#8221;0&#8243; sticky_enabled=&#8221;0&#8243;][et_pb_slide heading=&#8221;Assicurazione&#8221; button_text=&#8221;Ulteriori informazioni&#8221; button_link=&#8221;https:\/\/korocharter.com\/it\/assicurazione\/&#8221; image=&#8221;https:\/\/korocharter.com\/it\/wp-content\/uploads\/sites\/8\/2021\/02\/jpg-info.jpg&#8221; _builder_version=&#8221;4.9.1&#8243; _module_preset=&#8221;default&#8221; header_level=&#8221;h2&#8243; header_font=&#8221;||||||||&#8221; text_orientation=&#8221;center&#8221; hover_enabled=&#8221;0&#8243; sticky_transition=&#8221;on&#8221; sticky_enabled=&#8221;0&#8243;]<\/p>\n<p>Puoi stipulare un&#8217;assicurazione aggiuntiva &#8230;<\/p>\n<p>[\/et_pb_slide][\/et_pb_slider][\/et_pb_column][et_pb_column type=&#8221;1_4&#8243; _builder_version=&#8221;4.8.1&#8243; _module_preset=&#8221;default&#8221;][et_pb_slider _builder_version=&#8221;4.9.1&#8243; _module_preset=&#8221;default&#8221; header_font=&#8221;||||||||&#8221; hover_enabled=&#8221;0&#8243; sticky_enabled=&#8221;0&#8243;][et_pb_slide heading=&#8221;Aeroporto di Rijeka&#8221; button_text=&#8221;Ulteriori informazioni&#8221; button_link=&#8221;https:\/\/korocharter.com\/it\/aeroporto-di-rijeka\/&#8221; image=&#8221;https:\/\/korocharter.com\/it\/wp-content\/uploads\/sites\/8\/2021\/02\/Flughafen-Rijeka-info-korocharter-marina-punat.jpg&#8221; _builder_version=&#8221;4.9.1&#8243; _module_preset=&#8221;default&#8221; hover_enabled=&#8221;0&#8243; sticky_transition=&#8221;on&#8221; sticky_enabled=&#8221;0&#8243;]<\/p>\n<p>Vieni a fare una vacanza in barca in aereo!<\/p>\n<p>[\/et_pb_slide][\/et_pb_slider][\/et_pb_column][et_pb_column type=&#8221;1_4&#8243; _builder_version=&#8221;4.8.1&#8243; _module_preset=&#8221;default&#8221;][et_pb_slider _builder_version=&#8221;4.9.1&#8243; _module_preset=&#8221;default&#8221; link_option_url_new_window=&#8221;on&#8221; hover_enabled=&#8221;0&#8243; sticky_enabled=&#8221;0&#8243;][et_pb_slide heading=&#8221;Previsioni del tempo&#8221; button_text=&#8221;Ulteriori informazioni&#8221; button_link=&#8221;https:\/\/korocharter.com\/it\/previsioni-del-tempo\/&#8221; image=&#8221;https:\/\/korocharter.com\/it\/wp-content\/uploads\/sites\/8\/2021\/02\/Untitledbb.jpg&#8221; _builder_version=&#8221;4.9.1&#8243; _module_preset=&#8221;default&#8221; hover_enabled=&#8221;0&#8243; sticky_transition=&#8221;on&#8221; sticky_enabled=&#8221;0&#8243;]<\/p>\n<p>\u00c8 molto importante&#8230;<\/p>\n<p>[\/et_pb_slide][\/et_pb_slider][\/et_pb_column][et_pb_column type=&#8221;1_4&#8243; _builder_version=&#8221;4.8.1&#8243; _module_preset=&#8221;default&#8221;][et_pb_slider _builder_version=&#8221;4.9.1&#8243; _module_preset=&#8221;default&#8221; hover_enabled=&#8221;0&#8243; sticky_enabled=&#8221;0&#8243;][et_pb_slide heading=&#8221;Alloggio&#8221; button_text=&#8221;Ulteriori informazioni&#8221; button_link=&#8221;https:\/\/korocharter.com\/it\/alloggio\/&#8221; image=&#8221;https:\/\/korocharter.com\/it\/wp-content\/uploads\/sites\/8\/2021\/02\/Unterkunft-korocharter.jpg&#8221; _builder_version=&#8221;4.9.1&#8243; _module_preset=&#8221;default&#8221; hover_enabled=&#8221;0&#8243; sticky_transition=&#8221;on&#8221; sticky_enabled=&#8221;0&#8243;]<\/p>\n<p>Vorresti passare la notte in un alloggio diverso &#8230;<\/p>\n<p>[\/et_pb_slide][\/et_pb_slider][\/et_pb_column][\/et_pb_row][et_pb_row column_structure=&#8221;1_4,1_4,1_4,1_4&#8243; _builder_version=&#8221;4.8.1&#8243; _module_preset=&#8221;default&#8221; max_height=&#8221;1000px&#8221;][et_pb_column type=&#8221;1_4&#8243; _builder_version=&#8221;4.8.1&#8243; _module_preset=&#8221;default&#8221;][et_pb_slider _builder_version=&#8221;4.9.1&#8243; _module_preset=&#8221;default&#8221; header_font=&#8221;||||||||&#8221; hover_enabled=&#8221;0&#8243; sticky_enabled=&#8221;0&#8243;][et_pb_slide heading=&#8221;Internet WiFi&#8221; button_text=&#8221;Ulteriori informazioni&#8221; button_link=&#8221;https:\/\/korocharter.com\/it\/internet-wifi\/&#8221; image=&#8221;https:\/\/korocharter.com\/it\/wp-content\/uploads\/sites\/8\/2021\/02\/fgfgr.jpg&#8221; _builder_version=&#8221;4.9.1&#8243; _module_preset=&#8221;default&#8221; header_level=&#8221;h2&#8243; header_font=&#8221;||||||||&#8221; text_orientation=&#8221;center&#8221; hover_enabled=&#8221;0&#8243; sticky_transition=&#8221;on&#8221; sticky_enabled=&#8221;0&#8243;]<\/p>\n<p>Internet WiFi flat gratuito sulla barca &#8230;<\/p>\n<p>[\/et_pb_slide][\/et_pb_slider][\/et_pb_column][et_pb_column type=&#8221;1_4&#8243; _builder_version=&#8221;4.8.1&#8243; _module_preset=&#8221;default&#8221;][et_pb_slider _builder_version=&#8221;4.9.1&#8243; _module_preset=&#8221;default&#8221; header_font=&#8221;||||||||&#8221; link_option_url=&#8221;https:\/\/korocharter.com\/it\/versicherung\/&#8221; hover_enabled=&#8221;0&#8243; sticky_enabled=&#8221;0&#8243;][et_pb_slide heading=&#8221;Attrezzatura della barca&#8221; button_text=&#8221;Ulteriori informazioni&#8221; button_link=&#8221;https:\/\/korocharter.com\/it\/attrezzatura-della-barca\/&#8221; image=&#8221;https:\/\/korocharter.com\/it\/wp-content\/uploads\/sites\/8\/2021\/02\/jjkjjkj.jpg&#8221; _builder_version=&#8221;4.9.1&#8243; _module_preset=&#8221;default&#8221; hover_enabled=&#8221;0&#8243; sticky_transition=&#8221;on&#8221; sticky_enabled=&#8221;0&#8243;][\/et_pb_slide][\/et_pb_slider][\/et_pb_column][et_pb_column type=&#8221;1_4&#8243; _builder_version=&#8221;4.8.1&#8243; _module_preset=&#8221;default&#8221;][et_pb_slider _builder_version=&#8221;4.9.1&#8243; _module_preset=&#8221;default&#8221; hover_enabled=&#8221;0&#8243; sticky_enabled=&#8221;0&#8243;][et_pb_slide heading=&#8221;Patente nautica&#8221; button_text=&#8221;Ulteriori informazioni&#8221; button_link=&#8221;https:\/\/korocharter.com\/it\/patente-nautica\/&#8221; image=&#8221;https:\/\/korocharter.com\/it\/wp-content\/uploads\/sites\/8\/2021\/02\/badfaf.jpg&#8221; _builder_version=&#8221;4.9.1&#8243; _module_preset=&#8221;default&#8221; hover_enabled=&#8221;0&#8243; sticky_transition=&#8221;on&#8221; sticky_enabled=&#8221;0&#8243;]<\/p>\n<p>Fai in soli 3 giorni croato&#8230;<\/p>\n<p>[\/et_pb_slide][\/et_pb_slider][\/et_pb_column][et_pb_column type=&#8221;1_4&#8243; _builder_version=&#8221;4.8.1&#8243; _module_preset=&#8221;default&#8221;][et_pb_slider _builder_version=&#8221;4.9.1&#8243; _module_preset=&#8221;default&#8221; hover_enabled=&#8221;0&#8243; sticky_enabled=&#8221;0&#8243;][et_pb_slide heading=&#8221;A proposito di Punat&#8221; button_text=&#8221;Ulteriori informazioni&#8221; button_link=&#8221;https:\/\/korocharter.com\/it\/a-proposito-di-punat\/&#8221; image=&#8221;https:\/\/korocharter.com\/it\/wp-content\/uploads\/sites\/8\/2021\/02\/fdfefd.jpg&#8221; _builder_version=&#8221;4.9.1&#8243; _module_preset=&#8221;default&#8221; hover_enabled=&#8221;0&#8243; sticky_transition=&#8221;on&#8221; sticky_enabled=&#8221;0&#8243;]<\/p>\n<p>Marina Punat, il meglio per una vacanza nautica&#8230;<\/p>\n<p>[\/et_pb_slide][\/et_pb_slider][\/et_pb_column][\/et_pb_row][\/et_pb_section]<\/p>\n","protected":false},"excerpt":{"rendered":"<p>Info Buchen Sie rechtzeitig Ihren Favorit. Sie k\u00f6nnen uns nat\u00fcrlich immer per E- Mail oder Telefon erreichen. Ihre Buchung k\u00f6nnen Sie mit Hilfe folgenden Kontaktformulars machen. Wir stehen Ihnen zur Verf\u00fcgung f\u00fcr alle Informationen \u00fcber Buchung, Motorboote, Unterkunft, Zahlung und andere Details!Puoi stipulare un&#8217;assicurazione aggiuntiva &#8230;Vieni a fare una vacanza in barca in aereo!\u00c8 molto [&hellip;]<\/p>\n","protected":false},"author":1,"featured_media":0,"parent":0,"menu_order":0,"comment_status":"closed","ping_status":"closed","template":"","meta":{"_et_pb_use_builder":"on","_et_pb_old_content":"","_et_gb_content_width":"","ngg_post_thumbnail":0,"footnotes":""},"class_list":["post-29","page","type-page","status-publish","hentry"],"_links":{"self":[{"href":"https:\/\/korocharter.com\/it\/wp-json\/wp\/v2\/pages\/29","targetHints":{"allow":["GET"]}}],"collection":[{"href":"https:\/\/korocharter.com\/it\/wp-json\/wp\/v2\/pages"}],"about":[{"href":"https:\/\/korocharter.com\/it\/wp-json\/wp\/v2\/types\/page"}],"author":[{"embeddable":true,"href":"https:\/\/korocharter.com\/it\/wp-json\/wp\/v2\/users\/1"}],"replies":[{"embeddable":true,"href":"https:\/\/korocharter.com\/it\/wp-json\/wp\/v2\/comments?post=29"}],"version-history":[{"count":63,"href":"https:\/\/korocharter.com\/it\/wp-json\/wp\/v2\/pages\/29\/revisions"}],"predecessor-version":[{"id":3279,"href":"https:\/\/korocharter.com\/it\/wp-json\/wp\/v2\/pages\/29\/revisions\/3279"}],"wp:attachment":[{"href":"https:\/\/korocharter.com\/it\/wp-json\/wp\/v2\/media?parent=29"}],"curies":[{"name":"wp","href":"https:\/\/api.w.org\/{rel}","templated":true}]}}